{"id":20,"date":"2021-11-30T14:34:53","date_gmt":"2021-11-30T14:34:53","guid":{"rendered":"http:\/\/buenoeducation.com\/pt\/?page_id=20"},"modified":"2021-11-30T14:41:15","modified_gmt":"2021-11-30T14:41:15","slug":"quem-somos","status":"publish","type":"page","link":"https:\/\/buenoeducation.com\/pt\/quem-somos\/","title":{"rendered":"Quem Somos"},"content":{"rendered":"\n<p>A Bueno Education Consultancy foi fundada em agosto de 2021 por Ederson Gomes Bueno, brasileiro, que migrou para a Austr\u00e1lia em 2008 como estudante internacional e agora \u00e9 um cidad\u00e3o Australiano.<\/p>\n\n\n\n<p>Estudou na Australia por 8 anos, fez cursos de ingl\u00eas, cursos profissionalizantes e educa\u00e7\u00e3o superior, o que lhe proporcionou grande conhecimento e experi\u00eancia na ind\u00fastria de educa\u00e7\u00e3o internacional na Austr\u00e1lia.<\/p>\n\n\n\n<p>Durante o per\u00edodo de estudos na Austr\u00e1lia, ele trabalhou em v\u00e1rios setores, como educacional, constru\u00e7\u00e3o, varejo e restaurantes.<\/p>\n\n\n\n<p>A combina\u00e7\u00e3o de ter sido um estudante internacional por 8 anos mais 7 anos trabalhando como conselheiro educacional internacional deu ao Ederson grande conhecimento e habilidades para orientar os estudantes internacionais a atingirem seus objetivos educacionais e, mais importante, pessoais, enquanto na Austr\u00e1lia.<\/p>\n\n\n\n<p>Na Bueno Education Consultancy, as pessoas sempre estar\u00e3o em primeiro lugar.<\/p>\n","protected":false},"excerpt":{"rendered":"<p>A Bueno Education Consultancy foi fundada em agosto de 2021 por Ederson Gomes Bueno, brasileiro, que migrou para a Austr\u00e1lia [&hellip;]<\/p>\n","protected":false},"author":1,"featured_media":0,"parent":0,"menu_order":0,"comment_status":"closed","ping_status":"closed","template":"","meta":{"footnotes":""},"class_list":["post-20","page","type-page","status-publish","hentry"],"acf":[],"_links":{"self":[{"href":"https:\/\/buenoeducation.com\/pt\/wp-json\/wp\/v2\/pages\/20","targetHints":{"allow":["GET"]}}],"collection":[{"href":"https:\/\/buenoeducation.com\/pt\/wp-json\/wp\/v2\/pages"}],"about":[{"href":"https:\/\/buenoeducation.com\/pt\/wp-json\/wp\/v2\/types\/page"}],"author":[{"embeddable":true,"href":"https:\/\/buenoeducation.com\/pt\/wp-json\/wp\/v2\/users\/1"}],"replies":[{"embeddable":true,"href":"https:\/\/buenoeducation.com\/pt\/wp-json\/wp\/v2\/comments?post=20"}],"version-history":[{"count":3,"href":"https:\/\/buenoeducation.com\/pt\/wp-json\/wp\/v2\/pages\/20\/revisions"}],"predecessor-version":[{"id":27,"href":"https:\/\/buenoeducation.com\/pt\/wp-json\/wp\/v2\/pages\/20\/revisions\/27"}],"wp:attachment":[{"href":"https:\/\/buenoeducation.com\/pt\/wp-json\/wp\/v2\/media?parent=20"}],"curies":[{"name":"wp","href":"https:\/\/api.w.org\/{rel}","templated":true}]}}